{"id":4692,"date":"2023-09-10T06:50:05","date_gmt":"2023-09-10T06:50:05","guid":{"rendered":"http:\/\/linkamericastones.com\/?page_id=4692"},"modified":"2023-09-10T21:25:19","modified_gmt":"2023-09-10T21:25:19","slug":"frmarwa","status":"publish","type":"page","link":"http:\/\/linkamericastones.com\/?page_id=4692&lang=fr","title":{"rendered":"Fr\\Marwa"},"content":{"rendered":"\t\t<div data-elementor-type=\"wp-page\" data-elementor-id=\"4692\" class=\"elementor elementor-4692\">\n\t\t\t\t\t\t\t\t\t<section class=\"elementor-section elementor-top-section elementor-element elementor-element-e77b1c8 elementor-section-full_width elementor-section-height-default elementor-section-height-default\" data-id=\"e77b1c8\" data-element_type=\"section\">\n\t\t\t\t\t\t<div class=\"elementor-container elementor-column-gap-no\">\n\t\t\t\t\t<div class=\"elementor-column elementor-col-100 elementor-top-column elementor-element elementor-element-344a58f\" data-id=\"344a58f\" data-element_type=\"column\">\n\t\t\t<div class=\"elementor-widget-wrap elementor-element-populated\">\n\t\t\t\t\t\t\t\t<div class=\"elementor-element elementor-element-5c5b091 elementor-widget elementor-widget-member-details bdevs-el member-details\" data-id=\"5c5b091\" data-element_type=\"widget\" data-widget_type=\"member-details.default\">\n\t\t\t\t<div class=\"elementor-widget-container\">\n\t\t\t        <div class=\"membar-details-box\">\r\n            <div class=\"container\">\r\n                <div class=\"row\">\r\n                    <div class=\"col-lg-5 wow fadeInUp2\">\r\n                                            <\/div>\r\n                    <div class=\"col-lg-7 wow fadeInUp2\">\r\n                        <div class=\"about-member-details bdevs-el-content\">\r\n                                                    <span class=\"bdevs-el-subtitle\">PROPRI\u00c9TAIRE ET DIRECTEUR G\u00c9N\u00c9RAL<\/span>\r\n                                                    <h2 class=\"wow fadeInUp2 bdevs-el-title\" data-wow-delay=\".6s\">Marwa Ramadan<\/h2>                                                                                    <ul>\r\n                                                                    <li><span>Sp\u00e9cialit\u00e9:<\/span> <\/li>\r\n                                                                    <li><span>Comp\u00e9tences:<\/span> <\/li>\r\n                                                                    <li><span>Exp\u00e9rience:<\/span> <\/li>\r\n                                                                    <li><span>E-mail:<\/span> M.ramadan@linkamericastones.com<\/li>\r\n                                                                    <li><span>T\u00e9l\u00e9phone:<\/span> +20 100 513 9619<\/li>\r\n                                                            <\/ul>\r\n                                                    <\/div>\r\n                    <\/div>\r\n                    <div class=\"col-lg-12 wow fadeInUp2\">\r\n                        <div class=\"member-qualification bdevs-el-content\">\r\n                                                    <h4><span>01<\/span> Diversit\u00e9 des exp\u00e9riences<\/h4>\r\n                                                                        <\/div>\r\n                    <\/div>\r\n                <\/div>\r\n            <\/div>\r\n        <\/div>\r\n        \t\t<\/div>\n\t\t\t\t<\/div>\n\t\t\t\t\t<\/div>\n\t\t<\/div>\n\t\t\t\t\t\t\t<\/div>\n\t\t<\/section>\n\t\t\t\t\t\t\t<\/div>\n\t\t","protected":false},"excerpt":{"rendered":"<p>PROPRI\u00c9TAIRE ET DIRECTEUR G\u00c9N\u00c9RAL Marwa Ramadan Sp\u00e9cialit\u00e9: Comp\u00e9tences: Exp\u00e9rience: E-mail: M.ramadan@linkamericastones.com T\u00e9l\u00e9phone: +20 100 513 9619 01 Diversit\u00e9 des exp\u00e9riences<\/p>\n","protected":false},"author":1,"featured_media":0,"parent":0,"menu_order":0,"comment_status":"closed","ping_status":"closed","template":"","meta":{"_mi_skip_tracking":false,"footnotes":""},"class_list":["post-4692","page","type-page","status-publish","hentry"],"acf":[],"aioseo_notices":[],"_links":{"self":[{"href":"http:\/\/linkamericastones.com\/index.php?rest_route=\/wp\/v2\/pages\/4692","targetHints":{"allow":["GET"]}}],"collection":[{"href":"http:\/\/linkamericastones.com\/index.php?rest_route=\/wp\/v2\/pages"}],"about":[{"href":"http:\/\/linkamericastones.com\/index.php?rest_route=\/wp\/v2\/types\/page"}],"author":[{"embeddable":true,"href":"http:\/\/linkamericastones.com\/index.php?rest_route=\/wp\/v2\/users\/1"}],"replies":[{"embeddable":true,"href":"http:\/\/linkamericastones.com\/index.php?rest_route=%2Fwp%2Fv2%2Fcomments&post=4692"}],"version-history":[{"count":4,"href":"http:\/\/linkamericastones.com\/index.php?rest_route=\/wp\/v2\/pages\/4692\/revisions"}],"predecessor-version":[{"id":4706,"href":"http:\/\/linkamericastones.com\/index.php?rest_route=\/wp\/v2\/pages\/4692\/revisions\/4706"}],"wp:attachment":[{"href":"http:\/\/linkamericastones.com\/index.php?rest_route=%2Fwp%2Fv2%2Fmedia&parent=4692"}],"curies":[{"name":"wp","href":"https:\/\/api.w.org\/{rel}","templated":true}]}}