{"id":4680,"date":"2022-10-19T07:50:57","date_gmt":"2022-10-19T07:50:57","guid":{"rendered":"http:\/\/linkamericastones.com\/?page_id=4680"},"modified":"2023-09-10T07:14:20","modified_gmt":"2023-09-10T07:14:20","slug":"fr-salwa","status":"publish","type":"page","link":"http:\/\/linkamericastones.com\/?page_id=4680&lang=fr","title":{"rendered":"Fr \/ Salwa"},"content":{"rendered":"\t\t<div data-elementor-type=\"wp-page\" data-elementor-id=\"4680\" class=\"elementor elementor-4680\">\n\t\t\t\t\t\t\t\t\t<section class=\"elementor-section elementor-top-section elementor-element elementor-element-96a853c elementor-section-full_width elementor-section-height-default elementor-section-height-default\" data-id=\"96a853c\" data-element_type=\"section\">\n\t\t\t\t\t\t<div class=\"elementor-container elementor-column-gap-no\">\n\t\t\t\t\t<div class=\"elementor-column elementor-col-100 elementor-top-column elementor-element elementor-element-136dbf8\" data-id=\"136dbf8\" data-element_type=\"column\">\n\t\t\t<div class=\"elementor-widget-wrap elementor-element-populated\">\n\t\t\t\t\t\t\t\t<div class=\"elementor-element elementor-element-a43fc64 elementor-widget elementor-widget-member-details bdevs-el member-details\" data-id=\"a43fc64\" data-element_type=\"widget\" data-widget_type=\"member-details.default\">\n\t\t\t\t<div class=\"elementor-widget-container\">\n\t\t\t        <div class=\"membar-details-box\">\r\n            <div class=\"container\">\r\n                <div class=\"row\">\r\n                    <div class=\"col-lg-5 wow fadeInUp2\">\r\n                                                <div class=\"tmd-img p-relative\">\r\n                            <img decoding=\"async\" src=\"http:\/\/linkamericastones.com\/wp-content\/uploads\/2022\/10\/team-salwa.png\" alt=\"img\">\r\n                        <\/div>\r\n                                            <\/div>\r\n                    <div class=\"col-lg-7 wow fadeInUp2\">\r\n                        <div class=\"about-member-details bdevs-el-content\">\r\n                                                    <span class=\"bdevs-el-subtitle\">Directeur Ex\u00e9cutif<\/span>\r\n                                                    <h2 class=\"wow fadeInUp2 bdevs-el-title\" data-wow-delay=\".6s\">Salwa Matter<\/h2>                                                        <p>Ing\u00e9nierie \u00e9lectronique et communication de l'Universit\u00e9 d'Ing\u00e9nierie et de Technologie<\/p>\r\n                                                                                    <ul>\r\n                                                                    <li><span>Sp\u00e9cialit\u00e9:<\/span> Ing\u00e9nieur de Projet<\/li>\r\n                                                                    <li><span>Comp\u00e9tences:<\/span> Atelier sur les opportunit\u00e9s d\u2019exportation<br>     Sp\u00e9cialiste qualifi\u00e9 \u00e0 l'exportation<br>Formation en chiffrage et tarification<\/li>\r\n                                                                    <li><span>Exp\u00e9rience:<\/span> 15 ans<\/li>\r\n                                                                    <li><span>E-mail:<\/span>  orders@linkamericastones.com <\/li>\r\n                                                                    <li><span>T\u00e9l\u00e9phone:<\/span> 00201018922201<\/li>\r\n                                                            <\/ul>\r\n                                                    <\/div>\r\n                    <\/div>\r\n                    <div class=\"col-lg-12 wow fadeInUp2\">\r\n                        <div class=\"member-qualification bdevs-el-content\">\r\n                                                    <h4><span>01<\/span> Diversit\u00e9 des exp\u00e9riences<\/h4>\r\n                                                                            <p><p>Ing\u00e9nierie \u00e9lectronique et communication de l'Universit\u00e9 d'Ing\u00e9nierie et de Technologie<\/p><p>Master en commerce international et logistique de l'Acad\u00e9mie arabe des sciences et maritimes<\/p><p>Certificat d'ach\u00e8vement du programme de formation \u00e0 l'exportation et \u00e0 l'origine Du minist\u00e8re du Commerce et de l'Industrie<\/p><p>Le programme de formation en gestion d'entreprise durable INVETMED<\/p><p>Gestion du temps Centre de formation Orascom OCI<\/p><p>R\u00e9daction commerciale du Dale Carnegie Center<\/p><\/p>\r\n                                                <\/div>\r\n                    <\/div>\r\n                <\/div>\r\n            <\/div>\r\n        <\/div>\r\n        \t\t<\/div>\n\t\t\t\t<\/div>\n\t\t\t\t\t<\/div>\n\t\t<\/div>\n\t\t\t\t\t\t\t<\/div>\n\t\t<\/section>\n\t\t\t\t\t\t\t<\/div>\n\t\t","protected":false},"excerpt":{"rendered":"<p>Directeur Ex\u00e9cutif Salwa Matter Ing\u00e9nierie \u00e9lectronique et communication de l&#8217;Universit\u00e9 d&#8217;Ing\u00e9nierie et de Technologie Sp\u00e9cialit\u00e9: Ing\u00e9nieur de Projet Comp\u00e9tences: Atelier sur les opportunit\u00e9s d\u2019exportation Sp\u00e9cialiste qualifi\u00e9 \u00e0 l&#8217;exportationFormation en chiffrage et tarification Exp\u00e9rience: 15 ans E-mail: orders@linkamericastones.com T\u00e9l\u00e9phone: 00201018922201 01 Diversit\u00e9 des exp\u00e9riences Ing\u00e9nierie \u00e9lectronique et communication de l&#8217;Universit\u00e9 d&#8217;Ing\u00e9nierie et de Technologie Master en [&hellip;]<\/p>\n","protected":false},"author":1,"featured_media":0,"parent":0,"menu_order":0,"comment_status":"closed","ping_status":"closed","template":"","meta":{"_mi_skip_tracking":false,"footnotes":""},"class_list":["post-4680","page","type-page","status-publish","hentry"],"acf":[],"aioseo_notices":[],"_links":{"self":[{"href":"http:\/\/linkamericastones.com\/index.php?rest_route=\/wp\/v2\/pages\/4680","targetHints":{"allow":["GET"]}}],"collection":[{"href":"http:\/\/linkamericastones.com\/index.php?rest_route=\/wp\/v2\/pages"}],"about":[{"href":"http:\/\/linkamericastones.com\/index.php?rest_route=\/wp\/v2\/types\/page"}],"author":[{"embeddable":true,"href":"http:\/\/linkamericastones.com\/index.php?rest_route=\/wp\/v2\/users\/1"}],"replies":[{"embeddable":true,"href":"http:\/\/linkamericastones.com\/index.php?rest_route=%2Fwp%2Fv2%2Fcomments&post=4680"}],"version-history":[{"count":7,"href":"http:\/\/linkamericastones.com\/index.php?rest_route=\/wp\/v2\/pages\/4680\/revisions"}],"predecessor-version":[{"id":4699,"href":"http:\/\/linkamericastones.com\/index.php?rest_route=\/wp\/v2\/pages\/4680\/revisions\/4699"}],"wp:attachment":[{"href":"http:\/\/linkamericastones.com\/index.php?rest_route=%2Fwp%2Fv2%2Fmedia&parent=4680"}],"curies":[{"name":"wp","href":"https:\/\/api.w.org\/{rel}","templated":true}]}}