{"id":4461,"date":"2022-10-18T08:21:02","date_gmt":"2022-10-18T08:21:02","guid":{"rendered":"http:\/\/linkamericastones.com\/?page_id=4461"},"modified":"2023-04-19T10:44:02","modified_gmt":"2023-04-19T10:44:02","slug":"fret-maritime","status":"publish","type":"page","link":"http:\/\/linkamericastones.com\/?page_id=4461&lang=fr","title":{"rendered":"Fret Maritime"},"content":{"rendered":"\t\t<div data-elementor-type=\"wp-page\" data-elementor-id=\"4461\" class=\"elementor elementor-4461\">\n\t\t\t\t\t\t\t\t\t<section class=\"elementor-section elementor-top-section elementor-element elementor-element-bfcc012 elementor-section-boxed elementor-section-height-default elementor-section-height-default\" data-id=\"bfcc012\" data-element_type=\"section\">\n\t\t\t\t\t\t\t<div class=\"elementor-background-overlay\"><\/div>\n\t\t\t\t\t\t\t<div class=\"elementor-container elementor-column-gap-default\">\n\t\t\t\t\t<div class=\"elementor-column elementor-col-100 elementor-top-column elementor-element elementor-element-c333aef\" data-id=\"c333aef\" data-element_type=\"column\">\n\t\t\t<div class=\"elementor-widget-wrap elementor-element-populated\">\n\t\t\t\t\t\t\t\t<div class=\"elementor-element elementor-element-9c82e5c elementor-widget elementor-widget-heading bdevs-el heading\" data-id=\"9c82e5c\" data-element_type=\"widget\" data-settings=\"{&quot;design_style&quot;:&quot;style_5&quot;}\" data-widget_type=\"heading.default\">\n\t\t\t\t<div class=\"elementor-widget-container\">\n\t\t\t<style>\/*! elementor - v3.11.5 - 14-03-2023 *\/\n.elementor-heading-title{padding:0;margin:0;line-height:1}.elementor-widget-heading .elementor-heading-title[class*=elementor-size-]>a{color:inherit;font-size:inherit;line-height:inherit}.elementor-widget-heading .elementor-heading-title.elementor-size-small{font-size:15px}.elementor-widget-heading .elementor-heading-title.elementor-size-medium{font-size:19px}.elementor-widget-heading .elementor-heading-title.elementor-size-large{font-size:29px}.elementor-widget-heading .elementor-heading-title.elementor-size-xl{font-size:39px}.elementor-widget-heading .elementor-heading-title.elementor-size-xxl{font-size:59px}<\/style>\r\n                            \r\n            <div class=\"section-title-wrapper-2 back-title-color bdevs-el-content extra_section-title-pt-2\">\r\n                <div class=\"section-title text-center\">\r\n                                        <h2 class=\"section-title bdevs-el-title  bdevs-el-btn\">Fret Maritime<\/h2>                                    <\/div>\r\n                                   <p>\n <\/p>\r\n                            <\/div>\r\n\r\n\r\n           \r\n        \t\t<\/div>\n\t\t\t\t<\/div>\n\t\t\t\t\t<\/div>\n\t\t<\/div>\n\t\t\t\t\t\t\t<\/div>\n\t\t<\/section>\n\t\t\t\t<section class=\"elementor-section elementor-top-section elementor-element elementor-element-cb244f9 elementor-section-boxed elementor-section-height-default elementor-section-height-default\" data-id=\"cb244f9\" data-element_type=\"section\">\n\t\t\t\t\t\t<div class=\"elementor-container elementor-column-gap-default\">\n\t\t\t\t\t<div class=\"elementor-column elementor-col-100 elementor-top-column elementor-element elementor-element-9599811\" data-id=\"9599811\" data-element_type=\"column\">\n\t\t\t<div class=\"elementor-widget-wrap elementor-element-populated\">\n\t\t\t\t\t\t\t\t<div class=\"elementor-element elementor-element-21442cf elementor-widget elementor-widget-text-editor\" data-id=\"21442cf\" data-element_type=\"widget\" data-widget_type=\"text-editor.default\">\n\t\t\t\t<div class=\"elementor-widget-container\">\n\t\t\t<style>\/*! elementor - v3.11.5 - 14-03-2023 *\/\n.elementor-widget-text-editor.elementor-drop-cap-view-stacked .elementor-drop-cap{background-color:#818a91;color:#fff}.elementor-widget-text-editor.elementor-drop-cap-view-framed .elementor-drop-cap{color:#818a91;border:3px solid;background-color:transparent}.elementor-widget-text-editor:not(.elementor-drop-cap-view-default) .elementor-drop-cap{margin-top:8px}.elementor-widget-text-editor:not(.elementor-drop-cap-view-default) .elementor-drop-cap-letter{width:1em;height:1em}.elementor-widget-text-editor .elementor-drop-cap{float:left;text-align:center;line-height:1;font-size:50px}.elementor-widget-text-editor .elementor-drop-cap-letter{display:inline-block}<\/style>\t\t\t\t<h3 class=\"grey big margin-bottom-small\" style=\"text-align: center;\">Tarifs comp\u00e9titifs, service coh\u00e9rent et d\u00e9di\u00e9<\/h3><p>Avec un r\u00e9seau mondial solide couvrant tous les principaux ports maritimes, nous proposons des services de fret maritime sur mesure pour r\u00e9pondre aux besoins de votre entreprise. Le fret maritime est le service de choix lorsque vous avez besoin d&#8217;une solution abordable, coh\u00e9rente, s\u00fbre et fiable pour votre cargaison. Pour les volumes plus importants et les exp\u00e9ditions r\u00e9guli\u00e8res, des chargements complets de conteneurs et des chargements inf\u00e9rieurs \u00e0 des conteneurs peuvent \u00eatre tr\u00e8s fiables. Nous offrons des services de fret maritime par l&#8217;interm\u00e9diaire de transporteurs de confiance en veillant \u00e0 ce que vous livriez votre cargaison en douceur \u00e0 destination. Nous combinons le service de fret avec le ramassage int\u00e9rieur, la livraison, le d\u00e9douanement, la documentation et d&#8217;autres services \u00e0 valeur ajout\u00e9e pour vous offrir une solution porte \u00e0 porte compl\u00e8te et sans tracas.<\/p>\t\t\t\t\t\t<\/div>\n\t\t\t\t<\/div>\n\t\t\t\t\t<\/div>\n\t\t<\/div>\n\t\t\t\t\t\t\t<\/div>\n\t\t<\/section>\n\t\t\t\t<section class=\"elementor-section elementor-top-section elementor-element elementor-element-9031ed5 elementor-section-full_width elementor-section-height-default elementor-section-height-default\" data-id=\"9031ed5\" data-element_type=\"section\" data-settings=\"{&quot;background_background&quot;:&quot;classic&quot;}\">\n\t\t\t\t\t\t<div class=\"elementor-container elementor-column-gap-default\">\n\t\t\t\t\t<div class=\"elementor-column elementor-col-50 elementor-top-column elementor-element elementor-element-f3a1f0f\" data-id=\"f3a1f0f\" data-element_type=\"column\" data-settings=\"{&quot;background_background&quot;:&quot;classic&quot;}\">\n\t\t\t<div class=\"elementor-widget-wrap\">\n\t\t\t\t\t\t\t\t\t<\/div>\n\t\t<\/div>\n\t\t\t\t<div class=\"elementor-column elementor-col-50 elementor-top-column elementor-element elementor-element-298a829\" data-id=\"298a829\" data-element_type=\"column\">\n\t\t\t<div class=\"elementor-widget-wrap elementor-element-populated\">\n\t\t\t\t\t\t\t\t<div class=\"elementor-element elementor-element-d0de4e1 elementor-widget elementor-widget-elementskit-heading\" data-id=\"d0de4e1\" data-element_type=\"widget\" data-widget_type=\"elementskit-heading.default\">\n\t\t\t\t<div class=\"elementor-widget-container\">\n\t\t\t<div class=\"ekit-wid-con\" ><div class=\"ekit-heading elementskit-section-title-wraper    ekit_heading_tablet-   ekit_heading_mobile-\"><h3 class=\"elementskit-section-subtitle  \">\n\t\t\t\t\t\tGAMME DE SERVICES\n\t\t\t\t\t<\/h3><h2 class=\"ekit-heading--title elementskit-section-title \">Notre gamme de services :<\/h2><\/div><\/div>\t\t<\/div>\n\t\t\t\t<\/div>\n\t\t\t\t<div class=\"elementor-element elementor-element-3487019 elementor-widget elementor-widget-text-editor\" data-id=\"3487019\" data-element_type=\"widget\" data-widget_type=\"text-editor.default\">\n\t\t\t\t<div class=\"elementor-widget-container\">\n\t\t\t\t\t\t\t<p class=\"heading left margin-bottom grey\" style=\"text-align: left;\"><strong>Porte \u00e0 porte et tout le reste. Nos services de fret maritime garantissent le mouvement le plus fiable et le plus s\u00fbr de votre cargaison \u00e0 travers les mers et les oc\u00e9ans.<\/strong><\/p><ul><li>Conteneur complet FCL<\/li><li>Moins que le conteneur LCL<\/li><li>Vraquier<\/li><li>Navire Affr\u00e9t\u00e9<\/li><li>D\u00e9douanement portuaire et Documentation<\/li><li>Solutions Multimodales<\/li><\/ul>\t\t\t\t\t\t<\/div>\n\t\t\t\t<\/div>\n\t\t\t\t\t<\/div>\n\t\t<\/div>\n\t\t\t\t\t\t\t<\/div>\n\t\t<\/section>\n\t\t\t\t<section class=\"elementor-section elementor-top-section elementor-element elementor-element-2b85697 elementor-section-full_width elementor-section-height-default elementor-section-height-default elementor-invisible\" data-id=\"2b85697\" data-element_type=\"section\" data-settings=\"{&quot;background_background&quot;:&quot;classic&quot;,&quot;animation&quot;:&quot;fadeInUp&quot;}\">\n\t\t\t\t\t\t<div class=\"elementor-container elementor-column-gap-default\">\n\t\t\t\t\t<div class=\"elementor-column elementor-col-50 elementor-top-column elementor-element elementor-element-6abc35c\" data-id=\"6abc35c\" data-element_type=\"column\" data-settings=\"{&quot;background_background&quot;:&quot;classic&quot;}\">\n\t\t\t<div class=\"elementor-widget-wrap elementor-element-populated\">\n\t\t\t\t\t\t\t\t<div class=\"elementor-element elementor-element-b050cfe ekit-equal-height-disable elementor-widget elementor-widget-elementskit-icon-box\" data-id=\"b050cfe\" data-element_type=\"widget\" data-widget_type=\"elementskit-icon-box.default\">\n\t\t\t\t<div class=\"elementor-widget-container\">\n\t\t\t<div class=\"ekit-wid-con\" >        <!-- link opening -->\n                <a href=\"#\" target=\"_self\" rel=\"\" class=\"ekit_global_links\">\n                <!-- end link opening -->\n\n        <div class=\"elementskit-infobox text-left text-left icon-lef-right-aligin elementor-animation- media  \">\n                    <div class=\"elementskit-box-header elementor-animation-\">\n                <div class=\"elementskit-info-box-icon  text-center\">\n                    <i aria-hidden=\"true\" class=\"elementkit-infobox-icon fasicon icon-atomic\"><\/i>\n                <\/div>\n          <\/div>\n                        <div class=\"box-body\">\n                            <h3 class=\"elementskit-info-box-title\">\n                    KPIs                <\/h3>\n                        \t\t  <p>Pour garantir la qualit\u00e9 et la coh\u00e9rence, nous d\u00e9finissons et mesurons des indicateurs cl\u00e9s de performance pour am\u00e9liorer les performances et rep\u00e9rer les domaines d'am\u00e9lioration<\/p>\n                                <\/div>\n        \n        \n                <\/div>\n                <\/a>\n        <\/div>\t\t<\/div>\n\t\t\t\t<\/div>\n\t\t\t\t<div class=\"elementor-element elementor-element-d4662c1 ekit-equal-height-disable elementor-widget elementor-widget-elementskit-icon-box\" data-id=\"d4662c1\" data-element_type=\"widget\" data-widget_type=\"elementskit-icon-box.default\">\n\t\t\t\t<div class=\"elementor-widget-container\">\n\t\t\t<div class=\"ekit-wid-con\" >        <!-- link opening -->\n                <a href=\"#\" target=\"_self\" rel=\"\" class=\"ekit_global_links\">\n                <!-- end link opening -->\n\n        <div class=\"elementskit-infobox text-left text-left icon-lef-right-aligin elementor-animation- media  \">\n                    <div class=\"elementskit-box-header elementor-animation-\">\n                <div class=\"elementskit-info-box-icon  text-center\">\n                    <i aria-hidden=\"true\" class=\"elementkit-infobox-icon fasicon icon-factory\"><\/i>\n                <\/div>\n          <\/div>\n                        <div class=\"box-body\">\n                            <h3 class=\"elementskit-info-box-title\">\n                    Solutions personnalisables                <\/h3>\n                        \t\t  <p>Choisissez parmi une gamme de temps de transit, de tarifs et d'horaires pour trouver la meilleure solution pour votre envoi<\/p>\n                                <\/div>\n        \n        \n                <\/div>\n                <\/a>\n        <\/div>\t\t<\/div>\n\t\t\t\t<\/div>\n\t\t\t\t<div class=\"elementor-element elementor-element-25efa88 ekit-equal-height-disable elementor-widget elementor-widget-elementskit-icon-box\" data-id=\"25efa88\" data-element_type=\"widget\" data-widget_type=\"elementskit-icon-box.default\">\n\t\t\t\t<div class=\"elementor-widget-container\">\n\t\t\t<div class=\"ekit-wid-con\" >        <!-- link opening -->\n                <a href=\"#\" target=\"_self\" rel=\"\" class=\"ekit_global_links\">\n                <!-- end link opening -->\n\n        <div class=\"elementskit-infobox text-left text-left icon-lef-right-aligin elementor-animation- media  \">\n                    <div class=\"elementskit-box-header elementor-animation-\">\n                <div class=\"elementskit-info-box-icon  text-center\">\n                    <i aria-hidden=\"true\" class=\"elementkit-infobox-icon fasicon icon-presentation\"><\/i>\n                <\/div>\n          <\/div>\n                        <div class=\"box-body\">\n                            <h3 class=\"elementskit-info-box-title\">\n                    Rapports de Suivi                <\/h3>\n                        \t\t  <p>Am\u00e9liorez la visibilit\u00e9 en suivant votre envoi \u00e0 tout moment et recevez un rapport de suivi d\u00e9di\u00e9 pour vos envois r\u00e9guliers<\/p>\n                                <\/div>\n        \n        \n                <\/div>\n                <\/a>\n        <\/div>\t\t<\/div>\n\t\t\t\t<\/div>\n\t\t\t\t<div class=\"elementor-element elementor-element-2f0e1fb ekit-equal-height-disable elementor-widget elementor-widget-elementskit-icon-box\" data-id=\"2f0e1fb\" data-element_type=\"widget\" data-widget_type=\"elementskit-icon-box.default\">\n\t\t\t\t<div class=\"elementor-widget-container\">\n\t\t\t<div class=\"ekit-wid-con\" >        <!-- link opening -->\n                <a href=\"#\" target=\"_self\" rel=\"\" class=\"ekit_global_links\">\n                <!-- end link opening -->\n\n        <div class=\"elementskit-infobox text-left text-left icon-lef-right-aligin elementor-animation- media  \">\n                    <div class=\"elementskit-box-header elementor-animation-\">\n                <div class=\"elementskit-info-box-icon  text-center\">\n                    <i aria-hidden=\"true\" class=\"elementkit-infobox-icon fasicon icon-presentation\"><\/i>\n                <\/div>\n          <\/div>\n                        <div class=\"box-body\">\n                            <h3 class=\"elementskit-info-box-title\">\n                    Solutions Optimis\u00e9es                <\/h3>\n                        \t\t  <p>Contactez-nous pour d\u00e9couvrir comment vous pouvez utiliser notre gamme de services pour tirer le meilleur parti de votre cha\u00eene d'approvisionnement.<\/p>\n                                <\/div>\n        \n        \n                <\/div>\n                <\/a>\n        <\/div>\t\t<\/div>\n\t\t\t\t<\/div>\n\t\t\t\t\t<\/div>\n\t\t<\/div>\n\t\t\t\t<div class=\"elementor-column elementor-col-50 elementor-top-column elementor-element elementor-element-3904ba6\" data-id=\"3904ba6\" data-element_type=\"column\" data-settings=\"{&quot;background_background&quot;:&quot;classic&quot;}\">\n\t\t\t<div class=\"elementor-widget-wrap elementor-element-populated\">\n\t\t\t\t\t\t\t\t<div class=\"elementor-element elementor-element-04cde62 elementor-widget elementor-widget-text-editor\" data-id=\"04cde62\" data-element_type=\"widget\" data-widget_type=\"text-editor.default\">\n\t\t\t\t<div class=\"elementor-widget-container\">\n\t\t\t\t\t\t\t\t\t\t\t\t\t<\/div>\n\t\t\t\t<\/div>\n\t\t\t\t\t<\/div>\n\t\t<\/div>\n\t\t\t\t\t\t\t<\/div>\n\t\t<\/section>\n\t\t\t\t\t\t\t<\/div>\n\t\t","protected":false},"excerpt":{"rendered":"<p>Fret Maritime Tarifs comp\u00e9titifs, service coh\u00e9rent et d\u00e9di\u00e9 Avec un r\u00e9seau mondial solide couvrant tous les principaux ports maritimes, nous proposons des services de fret maritime sur mesure pour r\u00e9pondre aux besoins de votre entreprise. Le fret maritime est le service de choix lorsque vous avez besoin d&#8217;une solution abordable, coh\u00e9rente, s\u00fbre et fiable pour [&hellip;]<\/p>\n","protected":false},"author":1,"featured_media":0,"parent":0,"menu_order":0,"comment_status":"closed","ping_status":"closed","template":"","meta":{"_mi_skip_tracking":false,"footnotes":""},"class_list":["post-4461","page","type-page","status-publish","hentry"],"acf":[],"aioseo_notices":[],"_links":{"self":[{"href":"http:\/\/linkamericastones.com\/index.php?rest_route=\/wp\/v2\/pages\/4461","targetHints":{"allow":["GET"]}}],"collection":[{"href":"http:\/\/linkamericastones.com\/index.php?rest_route=\/wp\/v2\/pages"}],"about":[{"href":"http:\/\/linkamericastones.com\/index.php?rest_route=\/wp\/v2\/types\/page"}],"author":[{"embeddable":true,"href":"http:\/\/linkamericastones.com\/index.php?rest_route=\/wp\/v2\/users\/1"}],"replies":[{"embeddable":true,"href":"http:\/\/linkamericastones.com\/index.php?rest_route=%2Fwp%2Fv2%2Fcomments&post=4461"}],"version-history":[{"count":7,"href":"http:\/\/linkamericastones.com\/index.php?rest_route=\/wp\/v2\/pages\/4461\/revisions"}],"predecessor-version":[{"id":4469,"href":"http:\/\/linkamericastones.com\/index.php?rest_route=\/wp\/v2\/pages\/4461\/revisions\/4469"}],"wp:attachment":[{"href":"http:\/\/linkamericastones.com\/index.php?rest_route=%2Fwp%2Fv2%2Fmedia&parent=4461"}],"curies":[{"name":"wp","href":"https:\/\/api.w.org\/{rel}","templated":true}]}}