{"id":4446,"date":"2022-10-18T07:45:07","date_gmt":"2022-10-18T07:45:07","guid":{"rendered":"http:\/\/linkamericastones.com\/?page_id=4446"},"modified":"2023-04-19T10:17:22","modified_gmt":"2023-04-19T10:17:22","slug":"fret-aerien","status":"publish","type":"page","link":"http:\/\/linkamericastones.com\/?page_id=4446&lang=fr","title":{"rendered":"Fret A\u00e9rien"},"content":{"rendered":"\t\t<div data-elementor-type=\"wp-page\" data-elementor-id=\"4446\" class=\"elementor elementor-4446\">\n\t\t\t\t\t\t\t\t\t<section class=\"elementor-section elementor-top-section elementor-element elementor-element-af51e81 elementor-section-boxed elementor-section-height-default elementor-section-height-default\" data-id=\"af51e81\" data-element_type=\"section\">\n\t\t\t\t\t\t\t<div class=\"elementor-background-overlay\"><\/div>\n\t\t\t\t\t\t\t<div class=\"elementor-container elementor-column-gap-default\">\n\t\t\t\t\t<div class=\"elementor-column elementor-col-100 elementor-top-column elementor-element elementor-element-bc60365\" data-id=\"bc60365\" data-element_type=\"column\">\n\t\t\t<div class=\"elementor-widget-wrap elementor-element-populated\">\n\t\t\t\t\t\t\t\t<div class=\"elementor-element elementor-element-5308a12 elementor-widget elementor-widget-heading bdevs-el heading\" data-id=\"5308a12\" data-element_type=\"widget\" data-settings=\"{&quot;design_style&quot;:&quot;style_5&quot;}\" data-widget_type=\"heading.default\">\n\t\t\t\t<div class=\"elementor-widget-container\">\n\t\t\t<style>\/*! elementor - v3.11.5 - 14-03-2023 *\/\n.elementor-heading-title{padding:0;margin:0;line-height:1}.elementor-widget-heading .elementor-heading-title[class*=elementor-size-]>a{color:inherit;font-size:inherit;line-height:inherit}.elementor-widget-heading .elementor-heading-title.elementor-size-small{font-size:15px}.elementor-widget-heading .elementor-heading-title.elementor-size-medium{font-size:19px}.elementor-widget-heading .elementor-heading-title.elementor-size-large{font-size:29px}.elementor-widget-heading .elementor-heading-title.elementor-size-xl{font-size:39px}.elementor-widget-heading .elementor-heading-title.elementor-size-xxl{font-size:59px}<\/style>\r\n                            \r\n            <div class=\"section-title-wrapper-2 back-title-color bdevs-el-content extra_section-title-pt-2\">\r\n                <div class=\"section-title text-center\">\r\n                                        <h2 class=\"section-title bdevs-el-title  bdevs-el-btn\">Fret A\u00e9rien<\/h2>                                    <\/div>\r\n                                   <p>\n <\/p>\r\n                            <\/div>\r\n\r\n\r\n           \r\n        \t\t<\/div>\n\t\t\t\t<\/div>\n\t\t\t\t\t<\/div>\n\t\t<\/div>\n\t\t\t\t\t\t\t<\/div>\n\t\t<\/section>\n\t\t\t\t<section class=\"elementor-section elementor-top-section elementor-element elementor-element-b4020dd elementor-section-boxed elementor-section-height-default elementor-section-height-default\" data-id=\"b4020dd\" data-element_type=\"section\">\n\t\t\t\t\t\t<div class=\"elementor-container elementor-column-gap-default\">\n\t\t\t\t\t<div class=\"elementor-column elementor-col-100 elementor-top-column elementor-element elementor-element-d3c06f0\" data-id=\"d3c06f0\" data-element_type=\"column\">\n\t\t\t<div class=\"elementor-widget-wrap elementor-element-populated\">\n\t\t\t\t\t\t\t\t<div class=\"elementor-element elementor-element-3337aa4 elementor-widget elementor-widget-text-editor\" data-id=\"3337aa4\" data-element_type=\"widget\" data-widget_type=\"text-editor.default\">\n\t\t\t\t<div class=\"elementor-widget-container\">\n\t\t\t<style>\/*! elementor - v3.11.5 - 14-03-2023 *\/\n.elementor-widget-text-editor.elementor-drop-cap-view-stacked .elementor-drop-cap{background-color:#818a91;color:#fff}.elementor-widget-text-editor.elementor-drop-cap-view-framed .elementor-drop-cap{color:#818a91;border:3px solid;background-color:transparent}.elementor-widget-text-editor:not(.elementor-drop-cap-view-default) .elementor-drop-cap{margin-top:8px}.elementor-widget-text-editor:not(.elementor-drop-cap-view-default) .elementor-drop-cap-letter{width:1em;height:1em}.elementor-widget-text-editor .elementor-drop-cap{float:left;text-align:center;line-height:1;font-size:50px}.elementor-widget-text-editor .elementor-drop-cap-letter{display:inline-block}<\/style>\t\t\t\t<h3 class=\"grey big margin-bottom-small\" style=\"text-align: center;\">Efficace Porte \u00e0 porte Fret a\u00e9rien<\/h3><p>Avec des ann\u00e9es d&#8217;exp\u00e9rience et un r\u00e9seau solide, nous fournissons des services de fret a\u00e9rien r\u00e9pondant aux besoins les plus sp\u00e9cifiques de votre entreprise. Le fret a\u00e9rien est le service de choix lorsque vous avez besoin d&#8217;une solution rapide, s\u00fbre et fiable pour votre fret. G\u00e9n\u00e9ralement, il ne faut pas plus de 1 \u00e0 2 jours pour acheminer votre cargaison partout dans le monde. Nous offrons nos services de fret a\u00e9rien via des transporteurs de confiance en veillant \u00e0 ce que vous livriez votre fret en douceur et en toute s\u00e9curit\u00e9 \u00e0 destination. Nous pouvons \u00e9galement combiner le service de fret avec les services de ramassage, de livraison et de d\u00e9douanement int\u00e9rieurs pour vous offrir une solution porte \u00e0 porte compl\u00e8te et sans tracas.<\/p>\t\t\t\t\t\t<\/div>\n\t\t\t\t<\/div>\n\t\t\t\t\t<\/div>\n\t\t<\/div>\n\t\t\t\t\t\t\t<\/div>\n\t\t<\/section>\n\t\t\t\t<section class=\"elementor-section elementor-top-section elementor-element elementor-element-364c985b elementor-section-full_width elementor-section-height-default elementor-section-height-default\" data-id=\"364c985b\" data-element_type=\"section\" data-settings=\"{&quot;background_background&quot;:&quot;classic&quot;}\">\n\t\t\t\t\t\t<div class=\"elementor-container elementor-column-gap-default\">\n\t\t\t\t\t<div class=\"elementor-column elementor-col-50 elementor-top-column elementor-element elementor-element-6e1b6302\" data-id=\"6e1b6302\" data-element_type=\"column\" data-settings=\"{&quot;background_background&quot;:&quot;classic&quot;}\">\n\t\t\t<div class=\"elementor-widget-wrap\">\n\t\t\t\t\t\t\t\t\t<\/div>\n\t\t<\/div>\n\t\t\t\t<div class=\"elementor-column elementor-col-50 elementor-top-column elementor-element elementor-element-792797d3\" data-id=\"792797d3\" data-element_type=\"column\">\n\t\t\t<div class=\"elementor-widget-wrap elementor-element-populated\">\n\t\t\t\t\t\t\t\t<div class=\"elementor-element elementor-element-3492b906 elementor-widget elementor-widget-elementskit-heading\" data-id=\"3492b906\" data-element_type=\"widget\" data-widget_type=\"elementskit-heading.default\">\n\t\t\t\t<div class=\"elementor-widget-container\">\n\t\t\t<div class=\"ekit-wid-con\" ><div class=\"ekit-heading elementskit-section-title-wraper    ekit_heading_tablet-   ekit_heading_mobile-\"><h3 class=\"elementskit-section-subtitle  \">\n\t\t\t\t\t\tGAMME DE SERVICES\n\t\t\t\t\t<\/h3><h2 class=\"ekit-heading--title elementskit-section-title \">Notre gamme de services :<\/h2><\/div><\/div>\t\t<\/div>\n\t\t\t\t<\/div>\n\t\t\t\t<div class=\"elementor-element elementor-element-22ede036 elementor-widget elementor-widget-text-editor\" data-id=\"22ede036\" data-element_type=\"widget\" data-widget_type=\"text-editor.default\">\n\t\t\t\t<div class=\"elementor-widget-container\">\n\t\t\t\t\t\t\t<p class=\"heading left margin-bottom grey\">Des solutions sur mesure pour couvrir et simplifier les exigences de fret a\u00e9rien les plus complexes.<\/p><ul><li>Service G\u00e9n\u00e9ral de Fret A\u00e9rien<\/li><li>Services de Vols Nolis\u00e9s<\/li><li>Solutions multimodales<\/li><li>Solutions sp\u00e9cifiques \u00e0 l&#8217;industrie<\/li><li>D\u00e9douanement et documentation de l&#8217;a\u00e9roport<\/li><\/ul>\t\t\t\t\t\t<\/div>\n\t\t\t\t<\/div>\n\t\t\t\t\t<\/div>\n\t\t<\/div>\n\t\t\t\t\t\t\t<\/div>\n\t\t<\/section>\n\t\t\t\t<section class=\"elementor-section elementor-top-section elementor-element elementor-element-2b5e0325 elementor-section-full_width elementor-section-height-default elementor-section-height-default elementor-invisible\" data-id=\"2b5e0325\" data-element_type=\"section\" data-settings=\"{&quot;background_background&quot;:&quot;classic&quot;,&quot;animation&quot;:&quot;fadeInUp&quot;}\">\n\t\t\t\t\t\t<div class=\"elementor-container elementor-column-gap-default\">\n\t\t\t\t\t<div class=\"elementor-column elementor-col-50 elementor-top-column elementor-element elementor-element-e213a44\" data-id=\"e213a44\" data-element_type=\"column\" data-settings=\"{&quot;background_background&quot;:&quot;classic&quot;}\">\n\t\t\t<div class=\"elementor-widget-wrap elementor-element-populated\">\n\t\t\t\t\t\t\t\t<div class=\"elementor-element elementor-element-134d17d ekit-equal-height-disable elementor-widget elementor-widget-elementskit-icon-box\" data-id=\"134d17d\" data-element_type=\"widget\" data-widget_type=\"elementskit-icon-box.default\">\n\t\t\t\t<div class=\"elementor-widget-container\">\n\t\t\t<div class=\"ekit-wid-con\" >        <!-- link opening -->\n                <a href=\"#\" target=\"_self\" rel=\"\" class=\"ekit_global_links\">\n                <!-- end link opening -->\n\n        <div class=\"elementskit-infobox text-left text-left icon-lef-right-aligin elementor-animation- media  \">\n                    <div class=\"elementskit-box-header elementor-animation-\">\n                <div class=\"elementskit-info-box-icon  text-center\">\n                    <i aria-hidden=\"true\" class=\"elementkit-infobox-icon fasicon icon-atomic\"><\/i>\n                <\/div>\n          <\/div>\n                        <div class=\"box-body\">\n                            <h3 class=\"elementskit-info-box-title\">\n                    KPIs                <\/h3>\n                        \t\t  <p>Pour garantir la qualit\u00e9 et la coh\u00e9rence, nous d\u00e9finissons des KPI et g\u00e9n\u00e9rons des rapports r\u00e9guliers pour suivre les performances et rep\u00e9rer les domaines d'am\u00e9lioration..<\/p>\n                                <\/div>\n        \n        \n                <\/div>\n                <\/a>\n        <\/div>\t\t<\/div>\n\t\t\t\t<\/div>\n\t\t\t\t<div class=\"elementor-element elementor-element-23b5770 ekit-equal-height-disable elementor-widget elementor-widget-elementskit-icon-box\" data-id=\"23b5770\" data-element_type=\"widget\" data-widget_type=\"elementskit-icon-box.default\">\n\t\t\t\t<div class=\"elementor-widget-container\">\n\t\t\t<div class=\"ekit-wid-con\" >        <!-- link opening -->\n                <a href=\"#\" target=\"_self\" rel=\"\" class=\"ekit_global_links\">\n                <!-- end link opening -->\n\n        <div class=\"elementskit-infobox text-left text-left icon-lef-right-aligin elementor-animation- media  \">\n                    <div class=\"elementskit-box-header elementor-animation-\">\n                <div class=\"elementskit-info-box-icon  text-center\">\n                    <i aria-hidden=\"true\" class=\"elementkit-infobox-icon fasicon icon-factory\"><\/i>\n                <\/div>\n          <\/div>\n                        <div class=\"box-body\">\n                            <h3 class=\"elementskit-info-box-title\">\n                    Service Rapide et Fiable                <\/h3>\n                        \t\t  <p>R\u00e9servation rapide, flexibilit\u00e9 et agilit\u00e9 dans les op\u00e9rations pour garantir que votre voyage de fret soit aussi fluide que possible.<\/p>\n                                <\/div>\n        \n        \n                <\/div>\n                <\/a>\n        <\/div>\t\t<\/div>\n\t\t\t\t<\/div>\n\t\t\t\t<div class=\"elementor-element elementor-element-f3f8ef8 ekit-equal-height-disable elementor-widget elementor-widget-elementskit-icon-box\" data-id=\"f3f8ef8\" data-element_type=\"widget\" data-widget_type=\"elementskit-icon-box.default\">\n\t\t\t\t<div class=\"elementor-widget-container\">\n\t\t\t<div class=\"ekit-wid-con\" >        <!-- link opening -->\n                <a href=\"#\" target=\"_self\" rel=\"\" class=\"ekit_global_links\">\n                <!-- end link opening -->\n\n        <div class=\"elementskit-infobox text-left text-left icon-lef-right-aligin elementor-animation- media  \">\n                    <div class=\"elementskit-box-header elementor-animation-\">\n                <div class=\"elementskit-info-box-icon  text-center\">\n                    <i aria-hidden=\"true\" class=\"elementkit-infobox-icon fasicon icon-presentation\"><\/i>\n                <\/div>\n          <\/div>\n                        <div class=\"box-body\">\n                            <h3 class=\"elementskit-info-box-title\">\n                    Rapports de suivi                <\/h3>\n                        \t\t  <p>Am\u00e9liorez vos pr\u00e9visions en suivant votre exp\u00e9dition \u00e0 tout moment via notre service de reporting r\u00e9gulier.<\/p>\n                                <\/div>\n        \n        \n                <\/div>\n                <\/a>\n        <\/div>\t\t<\/div>\n\t\t\t\t<\/div>\n\t\t\t\t<div class=\"elementor-element elementor-element-8a82d8b ekit-equal-height-disable elementor-widget elementor-widget-elementskit-icon-box\" data-id=\"8a82d8b\" data-element_type=\"widget\" data-widget_type=\"elementskit-icon-box.default\">\n\t\t\t\t<div class=\"elementor-widget-container\">\n\t\t\t<div class=\"ekit-wid-con\" >        <!-- link opening -->\n                <a href=\"#\" target=\"_self\" rel=\"\" class=\"ekit_global_links\">\n                <!-- end link opening -->\n\n        <div class=\"elementskit-infobox text-left text-left icon-lef-right-aligin elementor-animation- media  \">\n                    <div class=\"elementskit-box-header elementor-animation-\">\n                <div class=\"elementskit-info-box-icon  text-center\">\n                    <i aria-hidden=\"true\" class=\"elementkit-infobox-icon fasicon icon-presentation\"><\/i>\n                <\/div>\n          <\/div>\n                        <div class=\"box-body\">\n                            <h3 class=\"elementskit-info-box-title\">\n                    Services D\u00e9di\u00e9s                <\/h3>\n                        \t\t  <p>Contactez-nous pour d\u00e9couvrir comment vous pouvez utiliser notre gamme de services pour tirer le meilleur parti de votre cha\u00eene d'approvisionnement.<\/p>\n                                <\/div>\n        \n        \n                <\/div>\n                <\/a>\n        <\/div>\t\t<\/div>\n\t\t\t\t<\/div>\n\t\t\t\t\t<\/div>\n\t\t<\/div>\n\t\t\t\t<div class=\"elementor-column elementor-col-50 elementor-top-column elementor-element elementor-element-16efcdc4\" data-id=\"16efcdc4\" data-element_type=\"column\" data-settings=\"{&quot;background_background&quot;:&quot;classic&quot;}\">\n\t\t\t<div class=\"elementor-widget-wrap elementor-element-populated\">\n\t\t\t\t\t\t\t\t<div class=\"elementor-element elementor-element-59e436b5 elementor-widget elementor-widget-text-editor\" data-id=\"59e436b5\" data-element_type=\"widget\" data-widget_type=\"text-editor.default\">\n\t\t\t\t<div class=\"elementor-widget-container\">\n\t\t\t\t\t\t\t\t\t\t\t\t\t<\/div>\n\t\t\t\t<\/div>\n\t\t\t\t\t<\/div>\n\t\t<\/div>\n\t\t\t\t\t\t\t<\/div>\n\t\t<\/section>\n\t\t\t\t\t\t\t<\/div>\n\t\t","protected":false},"excerpt":{"rendered":"<p>Fret A\u00e9rien Efficace Porte \u00e0 porte Fret a\u00e9rien Avec des ann\u00e9es d&#8217;exp\u00e9rience et un r\u00e9seau solide, nous fournissons des services de fret a\u00e9rien r\u00e9pondant aux besoins les plus sp\u00e9cifiques de votre entreprise. Le fret a\u00e9rien est le service de choix lorsque vous avez besoin d&#8217;une solution rapide, s\u00fbre et fiable pour votre fret. G\u00e9n\u00e9ralement, il [&hellip;]<\/p>\n","protected":false},"author":1,"featured_media":0,"parent":0,"menu_order":0,"comment_status":"closed","ping_status":"closed","template":"","meta":{"_mi_skip_tracking":false,"footnotes":""},"class_list":["post-4446","page","type-page","status-publish","hentry"],"acf":[],"aioseo_notices":[],"_links":{"self":[{"href":"http:\/\/linkamericastones.com\/index.php?rest_route=\/wp\/v2\/pages\/4446","targetHints":{"allow":["GET"]}}],"collection":[{"href":"http:\/\/linkamericastones.com\/index.php?rest_route=\/wp\/v2\/pages"}],"about":[{"href":"http:\/\/linkamericastones.com\/index.php?rest_route=\/wp\/v2\/types\/page"}],"author":[{"embeddable":true,"href":"http:\/\/linkamericastones.com\/index.php?rest_route=\/wp\/v2\/users\/1"}],"replies":[{"embeddable":true,"href":"http:\/\/linkamericastones.com\/index.php?rest_route=%2Fwp%2Fv2%2Fcomments&post=4446"}],"version-history":[{"count":7,"href":"http:\/\/linkamericastones.com\/index.php?rest_route=\/wp\/v2\/pages\/4446\/revisions"}],"predecessor-version":[{"id":4453,"href":"http:\/\/linkamericastones.com\/index.php?rest_route=\/wp\/v2\/pages\/4446\/revisions\/4453"}],"wp:attachment":[{"href":"http:\/\/linkamericastones.com\/index.php?rest_route=%2Fwp%2Fv2%2Fmedia&parent=4446"}],"curies":[{"name":"wp","href":"https:\/\/api.w.org\/{rel}","templated":true}]}}